{"id":339,"date":"2024-10-22T00:12:10","date_gmt":"2024-10-21T22:12:10","guid":{"rendered":"https:\/\/www.slea-tec.de\/jobs\/"},"modified":"2025-03-24T13:04:38","modified_gmt":"2025-03-24T12:04:38","slug":"jobs","status":"publish","type":"page","link":"https:\/\/www.slea-tec.de\/archive\/jobs\/","title":{"rendered":"Jobs"},"content":{"rendered":"<div class=\"wpb-content-wrapper\"><p>[vc_row][vc_column width=&#8221;1\/4&#8243;][\/vc_column][vc_column width=&#8221;1\/2&#8243;][vc_column_text css=&#8221;&#8221;]<\/p>\n<h3>Bei SLEA-TEC wird Pers\u00f6nlichkeit nicht nur gro\u00df geschrieben, sondern auch gelebt.<\/h3>\n<h2>Unser Team<\/h2>\n<p>Gestalte deine Zukunft mit uns, Kreativit\u00e4t kennt keine Grenzen und ist besonders auf dem Bau gefragt. Ob Quereinsteiger:in, Fachkraft oder mit einem Master, es gibt vielf\u00e4ltige M\u00f6glichkeiten, deine Karriere bei Slea-Tec zu starten.[\/vc_column_text][\/vc_column][vc_column width=&#8221;1\/4&#8243;][\/vc_column][\/vc_row][vc_row][vc_column]<div class=\"video-card\" style=\"background-image: url(https:\/\/www.slea-tec.de\/archive\/wp-content\/uploads\/2024\/11\/Steig-ein-ins-SLEA-TEC-Team-SLEA-TEC.jpg); background-size: cover; background-position: center center; min-height: 930px;\">\r\n        <div class=\"video-inner\">\r\n          <div class=\"video-card-text\">\r\n            Steig ein ins<\/p>\n<p>SLEA-TEC<br \/>\nTeam<\/p>\n<p>M \/ W \/ D\r\n          <\/div><!-- \/.video-card-text -->\r\n        <\/div><!-- \/.video-inner -->\r\n      <\/div>[\/vc_column][\/vc_row][vc_row full_width=&#8221;stretch_row&#8221; css=&#8221;.vc_custom_1732361072636{background-color: #F5F5F5 !important;}&#8221;][vc_column][vc_row_inner content_placement=&#8221;bottom&#8221; gap=&#8221;35&#8243; css=&#8221;.vc_custom_1732791013230{margin-bottom: 70px !important;}&#8221;][vc_column_inner width=&#8221;1\/2&#8243;][vc_column_text css=&#8221;&#8221;]<\/p>\n<h3>Familiengef\u00fchrte Unternehmen f\u00fchlen sich anders an<\/h3>\n<h2>Familie Plus<\/h2>\n<p>Als familiengef\u00fchrtes Unternehmen steht f\u00fcr uns die N\u00e4he zu Kunden und unserer Belegschaft an erster Stelle. Wir feiern nicht nur die Abschl\u00fcsse unserer erfolgreichen Bauvorhaben, sondern auch die runden Geburtstage unserer Mitarbeiter:innen.[\/vc_column_text][\/vc_column_inner][vc_column_inner width=&#8221;1\/2&#8243;][vc_single_image image=&#8221;577&#8243; css=&#8221;&#8221;][\/vc_column_inner][\/vc_row_inner]\n    <div class=\"video-card\" data-video=\"https:\/\/www.slea-tec.de\/wp-content\/uploads\/2024\/12\/slea-tec-jobs-video-neu.mp4\" style=\"background-image: url(https:\/\/www.slea-tec.de\/archive\/wp-content\/uploads\/2024\/12\/Referenz_Film-Jobs_1080x1920px-1.jpg); background-size: cover; background-position: center center; min-height: 930px;\">\n      <div class=\"video-inner\">\n        <div class=\"video-card-text\">\n          <h2><\/h2>\n        <\/div><!-- \/.video-card-text -->\n        <a class=\"play-btn\" href=\"javascript:void(0);\">\n          <i class=\"fa fa-play\"><\/i><span>Video abspielen<\/span>\n        <\/a>\n      <\/div><!-- \/.video-inner -->\n    <\/div>[\/vc_column][\/vc_row][vc_row full_width=&#8221;stretch_row&#8221; css=&#8221;.vc_custom_1732361072636{background-color: #F5F5F5 !important;}&#8221;][vc_column][vc_row_inner content_placement=&#8221;bottom&#8221; gap=&#8221;35&#8243; css=&#8221;.vc_custom_1732791013230{margin-bottom: 70px !important;}&#8221;][vc_column_inner width=&#8221;1\/2&#8243;][vc_column_text css=&#8221;&#8221;]<\/p>\n<h3>WER NICHT FRAGT BLEIBT DUMM<\/h3>\n<h2>WEITERBILDUNG<\/h2>\n<div><\/div>\n<p>Zukunft gestalten hei\u00dft auch, sich weiterzubilden. Sicherheit, die eigene und die anderer Mitarbeiter:innen, Anwohner:innen oder zuk\u00fcnftiger Nutzer:innen, setzt Bewusstsein voraus. Ein wichtiger Baustein zur Erlangung von Bewusstsein ist Wissen. Mit unseren Schulungsprogrammen stellen wir sicher, dass dieses Wissen durch unsere Belegschaft angewendet werden kann.<br \/>\nRegelm\u00e4\u00dfig stattfindende Seminare zur Erh\u00f6hung des Sicherheits- und Umweltbewusstseins sind eine Voraussetzung zur erfolgreichen Erf\u00fcllumg unserer Auftr\u00e4ge und wesentlich zur Qualifizierung unserer Mitarbeiter:innen.<\/p>\n<p>Da haben alle was von.[\/vc_column_text][\/vc_column_inner][vc_column_inner width=&#8221;1\/2&#8243;][vc_single_image image=&#8221;1240&#8243; css=&#8221;&#8221;][\/vc_column_inner][\/vc_row_inner]\n    <div class=\"video-card\" data-video=\"https:\/\/www.slea-tec.de\/wp-content\/uploads\/2024\/12\/slea-tec-jobs-video-neu.mp4\" style=\"background-image: url(https:\/\/www.slea-tec.de\/archive\/wp-content\/uploads\/2025\/03\/TRGS-Schoenefeld_Emre_840px.jpg); background-size: cover; background-position: center center; min-height: 930px;\">\n      <div class=\"video-inner\">\n        <div class=\"video-card-text\">\n          <h2><\/h2>\n        <\/div><!-- \/.video-card-text -->\n        <a class=\"play-btn\" href=\"javascript:void(0);\">\n          <i class=\"fa fa-play\"><\/i><span><\/span>\n        <\/a>\n      <\/div><!-- \/.video-inner -->\n    <\/div>[\/vc_column][\/vc_row][vc_row][vc_column][vc_column_text css=&#8221;&#8221;]<\/p>\n<h3>Lieber heute als morgen<\/h3>\n<h2>Aktuelle Stellenangebote<\/h2>\n<p>Bewirb dich online \u2013 das geht ganz einfach und ist effektiv und der schnellste Weg zum Vorstellungsgespr\u00e4ch. Bei unseren unterschiedlichen offenen Stellen ist sicher auch f\u00fcr dich etwas dabei. Nutze unser Kontaktformular oder schreib direkt an: <strong><a href=\"mailto:bewerber@slea-tec.de\">bewerber@slea-tec.de<\/a><\/strong><\/p>\n<p>Wir freuen uns auf deine Bewerbung![\/vc_column_text][vc_row_inner content_placement=&#8221;bottom&#8221;][vc_column_inner width=&#8221;1\/3&#8243;][vc_column_text css=&#8221;&#8221;]<\/p>\n<blockquote>\n<p>Die Arbeit ist nicht schwer, ok, manchmal schon&#8230; man muss ein bisschen Interesse haben, dann geht es gut. Ja&#8230; ansonsten wir sind hier ein gutes Team, wie eine Familie, alles super.<\/p>\n<p><strong>Catalin Lefter<\/strong><br \/>\n<strong>Vorarbeiter Slea-Tec<\/strong><\/p>\n<\/blockquote>\n<p>[\/vc_column_text][\/vc_column_inner][vc_column_inner width=&#8221;2\/3&#8243;][vc_single_image image=&#8221;576&#8243; css=&#8221;&#8221;][\/vc_column_inner][\/vc_row_inner][\/vc_column][\/vc_row]<\/p>\n<\/div>","protected":false},"excerpt":{"rendered":"<p>[vc_row][vc_column width=&#8221;1\/4&#8243;][\/vc_column][vc_column width=&#8221;1\/2&#8243;][vc_column_text css=&#8221;&#8221;] Bei SLEA-TEC wird Pers\u00f6nlichkeit nicht nur gro\u00df geschrieben, sondern auch gelebt. Unser Team Gestalte deine Zukunft mit uns, Kreativit\u00e4t kennt keine Grenzen und ist besonders auf dem Bau gefragt. Ob Quereinsteiger:in, Fachkraft oder mit einem Master, es gibt vielf\u00e4ltige M\u00f6glichkeiten, deine Karriere bei Slea-Tec zu starten.[\/vc_column_text][\/vc_column][vc_column width=&#8221;1\/4&#8243;][\/vc_column][\/vc_row][vc_row][vc_column][\/vc_column][\/vc_row][vc_row full_width=&#8221;stretch_row&#8221; css=&#8221;.vc_custom_1732361072636{background-color: #F5F5F5 !important;}&#8221;][vc_column][vc_row_inner content_placement=&#8221;bottom&#8221; gap=&#8221;35&#8243; css=&#8221;.vc_custom_1732791013230{margin-bottom: 70px !important;}&#8221;][vc_column_inner width=&#8221;1\/2&#8243;][vc_column_text css=&#8221;&#8221;] Familiengef\u00fchrte Unternehmen f\u00fchlen sich anders an Familie Plus Als familiengef\u00fchrtes Unternehmen steht f\u00fcr uns die N\u00e4he zu Kunden und unserer Belegschaft an erster Stelle. Wir feiern nicht nur die Abschl\u00fcsse unserer erfolgreichen Bauvorhaben, sondern auch die runden Geburtstage unserer Mitarbeiter:innen.[\/vc_column_text][\/vc_column_inner][vc_column_inner width=&#8221;1\/2&#8243;][vc_single_image image=&#8221;577&#8243; css=&#8221;&#8221;][\/vc_column_inner][\/vc_row_inner][\/vc_column][\/vc_row][vc_row full_width=&#8221;stretch_row&#8221; css=&#8221;.vc_custom_1732361072636{background-color: #F5F5F5 !important;}&#8221;][vc_column][vc_row_inner content_placement=&#8221;bottom&#8221; gap=&#8221;35&#8243; css=&#8221;.vc_custom_1732791013230{margin-bottom: 70px !important;}&#8221;][vc_column_inner width=&#8221;1\/2&#8243;][vc_column_text css=&#8221;&#8221;] WER NICHT FRAGT BLEIBT DUMM WEITERBILDUNG Zukunft gestalten hei\u00dft auch, sich weiterzubilden. Sicherheit, die eigene und die anderer Mitarbeiter:innen, Anwohner:innen oder zuk\u00fcnftiger Nutzer:innen, setzt Bewusstsein voraus. Ein wichtiger Baustein zur Erlangung von Bewusstsein ist Wissen. Mit unseren Schulungsprogrammen stellen wir sicher, dass dieses Wissen durch unsere Belegschaft angewendet werden kann. Regelm\u00e4\u00dfig stattfindende Seminare zur Erh\u00f6hung des Sicherheits- und Umweltbewusstseins sind eine Voraussetzung zur erfolgreichen Erf\u00fcllumg unserer Auftr\u00e4ge und wesentlich zur Qualifizierung unserer Mitarbeiter:innen. Da haben alle was von.[\/vc_column_text][\/vc_column_inner][vc_column_inner width=&#8221;1\/2&#8243;][vc_single_image image=&#8221;1240&#8243; css=&#8221;&#8221;][\/vc_column_inner][\/vc_row_inner][\/vc_column][\/vc_row][vc_row][vc_column][vc_column_text css=&#8221;&#8221;] Lieber heute als morgen Aktuelle Stellenangebote Bewirb dich online \u2013 das geht ganz einfach und ist effektiv und der schnellste Weg zum Vorstellungsgespr\u00e4ch. Bei unseren unterschiedlichen offenen Stellen ist sicher auch f\u00fcr dich etwas dabei. Nutze unser Kontaktformular oder schreib direkt an: bewerber@slea-tec.de Wir freuen uns auf deine Bewerbung![\/vc_column_text][vc_row_inner content_placement=&#8221;bottom&#8221;][vc_column_inner width=&#8221;1\/3&#8243;][vc_column_text css=&#8221;&#8221;] Die Arbeit ist nicht schwer, ok, manchmal schon&#8230; man muss ein bisschen Interesse haben, dann geht es gut. Ja&#8230; ansonsten wir sind hier ein gutes Team, wie eine Familie, alles super. Catalin Lefter Vorarbeiter Slea-Tec [\/vc_column_text][\/vc_column_inner][vc_column_inner width=&#8221;2\/3&#8243;][vc_single_image image=&#8221;576&#8243; css=&#8221;&#8221;][\/vc_column_inner][\/vc_row_inner][\/vc_column][\/vc_row]<\/p>\n","protected":false},"author":1,"featured_media":578,"parent":0,"menu_order":4,"comment_status":"closed","ping_status":"closed","template":"","meta":{"_acf_changed":false,"inline_featured_image":false,"footnotes":""},"class_list":["post-339","page","type-page","status-publish","has-post-thumbnail","hentry"],"acf":[],"yoast_head":"<!-- This site is optimized with the Yoast SEO plugin v25.2 - https:\/\/yoast.com\/wordpress\/plugins\/seo\/ -->\n<title>Jobs - SLEA TEC GmbH ARCHIV<\/title>\n<meta name=\"robots\" content=\"index, follow, max-snippet:-1, max-image-preview:large, max-video-preview:-1\" \/>\n<link rel=\"canonical\" href=\"https:\/\/www.slea-tec.de\/archive\/jobs\/\" \/>\n<meta property=\"og:locale\" content=\"en_US\" \/>\n<meta property=\"og:type\" content=\"article\" \/>\n<meta property=\"og:title\" content=\"Jobs - SLEA TEC GmbH ARCHIV\" \/>\n<meta property=\"og:description\" content=\"[vc_row][vc_column width=&#8221;1\/4&#8243;][\/vc_column][vc_column width=&#8221;1\/2&#8243;][vc_column_text css=&#8221;&#8221;] Bei SLEA-TEC wird Pers\u00f6nlichkeit nicht nur gro\u00df geschrieben, sondern auch gelebt. Unser Team Gestalte deine Zukunft mit uns, Kreativit\u00e4t kennt keine Grenzen und ist besonders auf dem Bau gefragt. Ob Quereinsteiger:in, Fachkraft oder mit einem Master, es gibt vielf\u00e4ltige M\u00f6glichkeiten, deine Karriere bei Slea-Tec zu starten.[\/vc_column_text][\/vc_column][vc_column width=&#8221;1\/4&#8243;][\/vc_column][\/vc_row][vc_row][vc_column][\/vc_column][\/vc_row][vc_row full_width=&#8221;stretch_row&#8221; css=&#8221;.vc_custom_1732361072636{background-color: #F5F5F5 !important;}&#8221;][vc_column][vc_row_inner content_placement=&#8221;bottom&#8221; gap=&#8221;35&#8243; css=&#8221;.vc_custom_1732791013230{margin-bottom: 70px !important;}&#8221;][vc_column_inner width=&#8221;1\/2&#8243;][vc_column_text css=&#8221;&#8221;] Familiengef\u00fchrte Unternehmen f\u00fchlen sich anders an Familie Plus Als familiengef\u00fchrtes Unternehmen steht f\u00fcr uns die N\u00e4he zu Kunden und unserer Belegschaft an erster Stelle. Wir feiern nicht nur die Abschl\u00fcsse unserer erfolgreichen Bauvorhaben, sondern auch die runden Geburtstage unserer Mitarbeiter:innen.[\/vc_column_text][\/vc_column_inner][vc_column_inner width=&#8221;1\/2&#8243;][vc_single_image image=&#8221;577&#8243; css=&#8221;&#8221;][\/vc_column_inner][\/vc_row_inner][\/vc_column][\/vc_row][vc_row full_width=&#8221;stretch_row&#8221; css=&#8221;.vc_custom_1732361072636{background-color: #F5F5F5 !important;}&#8221;][vc_column][vc_row_inner content_placement=&#8221;bottom&#8221; gap=&#8221;35&#8243; css=&#8221;.vc_custom_1732791013230{margin-bottom: 70px !important;}&#8221;][vc_column_inner width=&#8221;1\/2&#8243;][vc_column_text css=&#8221;&#8221;] WER NICHT FRAGT BLEIBT DUMM WEITERBILDUNG Zukunft gestalten hei\u00dft auch, sich weiterzubilden. Sicherheit, die eigene und die anderer Mitarbeiter:innen, Anwohner:innen oder zuk\u00fcnftiger Nutzer:innen, setzt Bewusstsein voraus. Ein wichtiger Baustein zur Erlangung von Bewusstsein ist Wissen. Mit unseren Schulungsprogrammen stellen wir sicher, dass dieses Wissen durch unsere Belegschaft angewendet werden kann. Regelm\u00e4\u00dfig stattfindende Seminare zur Erh\u00f6hung des Sicherheits- und Umweltbewusstseins sind eine Voraussetzung zur erfolgreichen Erf\u00fcllumg unserer Auftr\u00e4ge und wesentlich zur Qualifizierung unserer Mitarbeiter:innen. Da haben alle was von.[\/vc_column_text][\/vc_column_inner][vc_column_inner width=&#8221;1\/2&#8243;][vc_single_image image=&#8221;1240&#8243; css=&#8221;&#8221;][\/vc_column_inner][\/vc_row_inner][\/vc_column][\/vc_row][vc_row][vc_column][vc_column_text css=&#8221;&#8221;] Lieber heute als morgen Aktuelle Stellenangebote Bewirb dich online \u2013 das geht ganz einfach und ist effektiv und der schnellste Weg zum Vorstellungsgespr\u00e4ch. Bei unseren unterschiedlichen offenen Stellen ist sicher auch f\u00fcr dich etwas dabei. Nutze unser Kontaktformular oder schreib direkt an: bewerber@slea-tec.de Wir freuen uns auf deine Bewerbung![\/vc_column_text][vc_row_inner content_placement=&#8221;bottom&#8221;][vc_column_inner width=&#8221;1\/3&#8243;][vc_column_text css=&#8221;&#8221;] Die Arbeit ist nicht schwer, ok, manchmal schon&#8230; man muss ein bisschen Interesse haben, dann geht es gut. Ja&#8230; ansonsten wir sind hier ein gutes Team, wie eine Familie, alles super. Catalin Lefter Vorarbeiter Slea-Tec [\/vc_column_text][\/vc_column_inner][vc_column_inner width=&#8221;2\/3&#8243;][vc_single_image image=&#8221;576&#8243; css=&#8221;&#8221;][\/vc_column_inner][\/vc_row_inner][\/vc_column][\/vc_row]\" \/>\n<meta property=\"og:url\" content=\"https:\/\/www.slea-tec.de\/archive\/jobs\/\" \/>\n<meta property=\"og:site_name\" content=\"SLEA TEC GmbH ARCHIV\" \/>\n<meta property=\"article:modified_time\" content=\"2025-03-24T12:04:38+00:00\" \/>\n<meta property=\"og:image\" content=\"https:\/\/www.slea-tec.de\/archive\/wp-content\/uploads\/2024\/11\/Jobs-Einleitungsbild-SLEA-TEC.jpg\" \/>\n\t<meta property=\"og:image:width\" content=\"1370\" \/>\n\t<meta property=\"og:image:height\" content=\"840\" \/>\n\t<meta property=\"og:image:type\" content=\"image\/jpeg\" \/>\n<meta name=\"twitter:card\" content=\"summary_large_image\" \/>\n<meta name=\"twitter:label1\" content=\"Est. reading time\" \/>\n\t<meta name=\"twitter:data1\" content=\"2 minutes\" \/>\n<script type=\"application\/ld+json\" class=\"yoast-schema-graph\">{\"@context\":\"https:\/\/schema.org\",\"@graph\":[{\"@type\":\"WebPage\",\"@id\":\"https:\/\/www.slea-tec.de\/archive\/jobs\/\",\"url\":\"https:\/\/www.slea-tec.de\/archive\/jobs\/\",\"name\":\"Jobs - SLEA TEC GmbH ARCHIV\",\"isPartOf\":{\"@id\":\"https:\/\/www.slea-tec.de\/archive\/#website\"},\"primaryImageOfPage\":{\"@id\":\"https:\/\/www.slea-tec.de\/archive\/jobs\/#primaryimage\"},\"image\":{\"@id\":\"https:\/\/www.slea-tec.de\/archive\/jobs\/#primaryimage\"},\"thumbnailUrl\":\"https:\/\/www.slea-tec.de\/archive\/wp-content\/uploads\/2024\/11\/Jobs-Einleitungsbild-SLEA-TEC.jpg\",\"datePublished\":\"2024-10-21T22:12:10+00:00\",\"dateModified\":\"2025-03-24T12:04:38+00:00\",\"breadcrumb\":{\"@id\":\"https:\/\/www.slea-tec.de\/archive\/jobs\/#breadcrumb\"},\"inLanguage\":\"en-US\",\"potentialAction\":[{\"@type\":\"ReadAction\",\"target\":[\"https:\/\/www.slea-tec.de\/archive\/jobs\/\"]}]},{\"@type\":\"ImageObject\",\"inLanguage\":\"en-US\",\"@id\":\"https:\/\/www.slea-tec.de\/archive\/jobs\/#primaryimage\",\"url\":\"https:\/\/www.slea-tec.de\/archive\/wp-content\/uploads\/2024\/11\/Jobs-Einleitungsbild-SLEA-TEC.jpg\",\"contentUrl\":\"https:\/\/www.slea-tec.de\/archive\/wp-content\/uploads\/2024\/11\/Jobs-Einleitungsbild-SLEA-TEC.jpg\",\"width\":1370,\"height\":840},{\"@type\":\"BreadcrumbList\",\"@id\":\"https:\/\/www.slea-tec.de\/archive\/jobs\/#breadcrumb\",\"itemListElement\":[{\"@type\":\"ListItem\",\"position\":1,\"name\":\"Home\",\"item\":\"https:\/\/www.slea-tec.de\/archive\/\"},{\"@type\":\"ListItem\",\"position\":2,\"name\":\"Jobs\"}]},{\"@type\":\"WebSite\",\"@id\":\"https:\/\/www.slea-tec.de\/archive\/#website\",\"url\":\"https:\/\/www.slea-tec.de\/archive\/\",\"name\":\"SLEA TEC GmbH ARCHIV\",\"description\":\"\",\"potentialAction\":[{\"@type\":\"SearchAction\",\"target\":{\"@type\":\"EntryPoint\",\"urlTemplate\":\"https:\/\/www.slea-tec.de\/archive\/?s={search_term_string}\"},\"query-input\":{\"@type\":\"PropertyValueSpecification\",\"valueRequired\":true,\"valueName\":\"search_term_string\"}}],\"inLanguage\":\"en-US\"}]}<\/script>\n<!-- \/ Yoast SEO plugin. -->","yoast_head_json":{"title":"Jobs - SLEA TEC GmbH ARCHIV","robots":{"index":"index","follow":"follow","max-snippet":"max-snippet:-1","max-image-preview":"max-image-preview:large","max-video-preview":"max-video-preview:-1"},"canonical":"https:\/\/www.slea-tec.de\/archive\/jobs\/","og_locale":"en_US","og_type":"article","og_title":"Jobs - SLEA TEC GmbH ARCHIV","og_description":"[vc_row][vc_column width=&#8221;1\/4&#8243;][\/vc_column][vc_column width=&#8221;1\/2&#8243;][vc_column_text css=&#8221;&#8221;] Bei SLEA-TEC wird Pers\u00f6nlichkeit nicht nur gro\u00df geschrieben, sondern auch gelebt. Unser Team Gestalte deine Zukunft mit uns, Kreativit\u00e4t kennt keine Grenzen und ist besonders auf dem Bau gefragt. Ob Quereinsteiger:in, Fachkraft oder mit einem Master, es gibt vielf\u00e4ltige M\u00f6glichkeiten, deine Karriere bei Slea-Tec zu starten.[\/vc_column_text][\/vc_column][vc_column width=&#8221;1\/4&#8243;][\/vc_column][\/vc_row][vc_row][vc_column][\/vc_column][\/vc_row][vc_row full_width=&#8221;stretch_row&#8221; css=&#8221;.vc_custom_1732361072636{background-color: #F5F5F5 !important;}&#8221;][vc_column][vc_row_inner content_placement=&#8221;bottom&#8221; gap=&#8221;35&#8243; css=&#8221;.vc_custom_1732791013230{margin-bottom: 70px !important;}&#8221;][vc_column_inner width=&#8221;1\/2&#8243;][vc_column_text css=&#8221;&#8221;] Familiengef\u00fchrte Unternehmen f\u00fchlen sich anders an Familie Plus Als familiengef\u00fchrtes Unternehmen steht f\u00fcr uns die N\u00e4he zu Kunden und unserer Belegschaft an erster Stelle. Wir feiern nicht nur die Abschl\u00fcsse unserer erfolgreichen Bauvorhaben, sondern auch die runden Geburtstage unserer Mitarbeiter:innen.[\/vc_column_text][\/vc_column_inner][vc_column_inner width=&#8221;1\/2&#8243;][vc_single_image image=&#8221;577&#8243; css=&#8221;&#8221;][\/vc_column_inner][\/vc_row_inner][\/vc_column][\/vc_row][vc_row full_width=&#8221;stretch_row&#8221; css=&#8221;.vc_custom_1732361072636{background-color: #F5F5F5 !important;}&#8221;][vc_column][vc_row_inner content_placement=&#8221;bottom&#8221; gap=&#8221;35&#8243; css=&#8221;.vc_custom_1732791013230{margin-bottom: 70px !important;}&#8221;][vc_column_inner width=&#8221;1\/2&#8243;][vc_column_text css=&#8221;&#8221;] WER NICHT FRAGT BLEIBT DUMM WEITERBILDUNG Zukunft gestalten hei\u00dft auch, sich weiterzubilden. Sicherheit, die eigene und die anderer Mitarbeiter:innen, Anwohner:innen oder zuk\u00fcnftiger Nutzer:innen, setzt Bewusstsein voraus. Ein wichtiger Baustein zur Erlangung von Bewusstsein ist Wissen. Mit unseren Schulungsprogrammen stellen wir sicher, dass dieses Wissen durch unsere Belegschaft angewendet werden kann. Regelm\u00e4\u00dfig stattfindende Seminare zur Erh\u00f6hung des Sicherheits- und Umweltbewusstseins sind eine Voraussetzung zur erfolgreichen Erf\u00fcllumg unserer Auftr\u00e4ge und wesentlich zur Qualifizierung unserer Mitarbeiter:innen. Da haben alle was von.[\/vc_column_text][\/vc_column_inner][vc_column_inner width=&#8221;1\/2&#8243;][vc_single_image image=&#8221;1240&#8243; css=&#8221;&#8221;][\/vc_column_inner][\/vc_row_inner][\/vc_column][\/vc_row][vc_row][vc_column][vc_column_text css=&#8221;&#8221;] Lieber heute als morgen Aktuelle Stellenangebote Bewirb dich online \u2013 das geht ganz einfach und ist effektiv und der schnellste Weg zum Vorstellungsgespr\u00e4ch. Bei unseren unterschiedlichen offenen Stellen ist sicher auch f\u00fcr dich etwas dabei. Nutze unser Kontaktformular oder schreib direkt an: bewerber@slea-tec.de Wir freuen uns auf deine Bewerbung![\/vc_column_text][vc_row_inner content_placement=&#8221;bottom&#8221;][vc_column_inner width=&#8221;1\/3&#8243;][vc_column_text css=&#8221;&#8221;] Die Arbeit ist nicht schwer, ok, manchmal schon&#8230; man muss ein bisschen Interesse haben, dann geht es gut. Ja&#8230; ansonsten wir sind hier ein gutes Team, wie eine Familie, alles super. Catalin Lefter Vorarbeiter Slea-Tec [\/vc_column_text][\/vc_column_inner][vc_column_inner width=&#8221;2\/3&#8243;][vc_single_image image=&#8221;576&#8243; css=&#8221;&#8221;][\/vc_column_inner][\/vc_row_inner][\/vc_column][\/vc_row]","og_url":"https:\/\/www.slea-tec.de\/archive\/jobs\/","og_site_name":"SLEA TEC GmbH ARCHIV","article_modified_time":"2025-03-24T12:04:38+00:00","og_image":[{"width":1370,"height":840,"url":"https:\/\/www.slea-tec.de\/archive\/wp-content\/uploads\/2024\/11\/Jobs-Einleitungsbild-SLEA-TEC.jpg","type":"image\/jpeg"}],"twitter_card":"summary_large_image","twitter_misc":{"Est. reading time":"2 minutes"},"schema":{"@context":"https:\/\/schema.org","@graph":[{"@type":"WebPage","@id":"https:\/\/www.slea-tec.de\/archive\/jobs\/","url":"https:\/\/www.slea-tec.de\/archive\/jobs\/","name":"Jobs - SLEA TEC GmbH ARCHIV","isPartOf":{"@id":"https:\/\/www.slea-tec.de\/archive\/#website"},"primaryImageOfPage":{"@id":"https:\/\/www.slea-tec.de\/archive\/jobs\/#primaryimage"},"image":{"@id":"https:\/\/www.slea-tec.de\/archive\/jobs\/#primaryimage"},"thumbnailUrl":"https:\/\/www.slea-tec.de\/archive\/wp-content\/uploads\/2024\/11\/Jobs-Einleitungsbild-SLEA-TEC.jpg","datePublished":"2024-10-21T22:12:10+00:00","dateModified":"2025-03-24T12:04:38+00:00","breadcrumb":{"@id":"https:\/\/www.slea-tec.de\/archive\/jobs\/#breadcrumb"},"inLanguage":"en-US","potentialAction":[{"@type":"ReadAction","target":["https:\/\/www.slea-tec.de\/archive\/jobs\/"]}]},{"@type":"ImageObject","inLanguage":"en-US","@id":"https:\/\/www.slea-tec.de\/archive\/jobs\/#primaryimage","url":"https:\/\/www.slea-tec.de\/archive\/wp-content\/uploads\/2024\/11\/Jobs-Einleitungsbild-SLEA-TEC.jpg","contentUrl":"https:\/\/www.slea-tec.de\/archive\/wp-content\/uploads\/2024\/11\/Jobs-Einleitungsbild-SLEA-TEC.jpg","width":1370,"height":840},{"@type":"BreadcrumbList","@id":"https:\/\/www.slea-tec.de\/archive\/jobs\/#breadcrumb","itemListElement":[{"@type":"ListItem","position":1,"name":"Home","item":"https:\/\/www.slea-tec.de\/archive\/"},{"@type":"ListItem","position":2,"name":"Jobs"}]},{"@type":"WebSite","@id":"https:\/\/www.slea-tec.de\/archive\/#website","url":"https:\/\/www.slea-tec.de\/archive\/","name":"SLEA TEC GmbH ARCHIV","description":"","potentialAction":[{"@type":"SearchAction","target":{"@type":"EntryPoint","urlTemplate":"https:\/\/www.slea-tec.de\/archive\/?s={search_term_string}"},"query-input":{"@type":"PropertyValueSpecification","valueRequired":true,"valueName":"search_term_string"}}],"inLanguage":"en-US"}]}},"_links":{"self":[{"href":"https:\/\/www.slea-tec.de\/archive\/wp-json\/wp\/v2\/pages\/339","targetHints":{"allow":["GET"]}}],"collection":[{"href":"https:\/\/www.slea-tec.de\/archive\/wp-json\/wp\/v2\/pages"}],"about":[{"href":"https:\/\/www.slea-tec.de\/archive\/wp-json\/wp\/v2\/types\/page"}],"author":[{"embeddable":true,"href":"https:\/\/www.slea-tec.de\/archive\/wp-json\/wp\/v2\/users\/1"}],"replies":[{"embeddable":true,"href":"https:\/\/www.slea-tec.de\/archive\/wp-json\/wp\/v2\/comments?post=339"}],"version-history":[{"count":27,"href":"https:\/\/www.slea-tec.de\/archive\/wp-json\/wp\/v2\/pages\/339\/revisions"}],"predecessor-version":[{"id":1239,"href":"https:\/\/www.slea-tec.de\/archive\/wp-json\/wp\/v2\/pages\/339\/revisions\/1239"}],"wp:featuredmedia":[{"embeddable":true,"href":"https:\/\/www.slea-tec.de\/archive\/wp-json\/wp\/v2\/media\/578"}],"wp:attachment":[{"href":"https:\/\/www.slea-tec.de\/archive\/wp-json\/wp\/v2\/media?parent=339"}],"curies":[{"name":"wp","href":"https:\/\/api.w.org\/{rel}","templated":true}]}}