{"id":349,"date":"2024-10-22T00:14:13","date_gmt":"2024-10-21T22:14:13","guid":{"rendered":"https:\/\/www.slea-tec.de\/rohbau\/"},"modified":"2024-12-03T11:50:58","modified_gmt":"2024-12-03T10:50:58","slug":"rohbau","status":"publish","type":"page","link":"https:\/\/www.slea-tec.de\/archive\/kompetenzen\/rohbau\/","title":{"rendered":"Rohbau"},"content":{"rendered":"<div class=\"wpb-content-wrapper\"><p>[vc_row][vc_column width=&#8221;1\/6&#8243;][\/vc_column][vc_column width=&#8221;2\/3&#8243;][vc_column_text css=&#8221;&#8221;]<\/p>\n<h3>Hervorragende Qualit\u00e4t bei der Errichtung und dem Umbau<br \/>\nvon Geb\u00e4uden im Wohn-, Industrie- und Gewerbebau.<\/h3>\n<h2>Rohbau<\/h2>\n<p>F\u00fcr die Revitalisierung von Bestandsgeb\u00e4uden sind wir Ihr idealer Partner: Spezialisiert auf Rohbau und Altlastensanierungen. Materialbewusstsein, eine effiziente Zeiteinteilung, Termintreue und Kosternsicherheit sind f\u00fcr unsere Arbeit ma\u00dfgeblich.[\/vc_column_text][\/vc_column][vc_column width=&#8221;1\/6&#8243;][\/vc_column][\/vc_row][vc_row][vc_column][vc_single_image image=&#8221;669&#8243; css=&#8221;&#8221;][\/vc_column][\/vc_row][vc_row content_placement=&#8221;middle&#8221; el_id=&#8221;bewehrung&#8221;][vc_column width=&#8221;1\/2&#8243;][vc_column_text css=&#8221;&#8221;]<\/p>\n<h3>Rohbau<\/h3>\n<h2>Bewehrung<\/h2>\n<p>Stahl ist das \u00e4lteste und am meisten verwendete Bewehrungsmaterial f\u00fcr Beton. Erfinder der Stahlbewehrung war der Franzose Joseph Monier, weshalb die Bewehrung auch manchmal als \u201eMoniereisen\u201c bezeichnet wird. Als schlaffe oder vorgespannte Bewehrung eingesetzt geht es um die Aufnahme von Lasten und um die Vermeidung von Rissbildungen an der Betonoberfl\u00e4che. Beton und Stahl haben ein nahezu identisches thermisches Ausdehnungsverhalten. Wird der Stahl mechanisch vorgespannt und unter dieser Spannung eingebaut, spricht man von Spannbeton.[\/vc_column_text][\/vc_column][vc_column width=&#8221;1\/2&#8243;][vc_single_image image=&#8221;655&#8243; css=&#8221;&#8221;][\/vc_column][\/vc_row][vc_row][vc_column][vc_single_image image=&#8221;973&#8243; css=&#8221;&#8221;][\/vc_column][\/vc_row][vc_row content_placement=&#8221;bottom&#8221; el_id=&#8221;schalung&#8221;][vc_column width=&#8221;1\/2&#8243;][vc_column_text css=&#8221;&#8221;]<\/p>\n<h3>Rohbau<\/h3>\n<h2>Schalung<\/h2>\n<p>Die Schalung ist die Gussform, in die Frischbeton zur Herstellung von Betonbauteilen eingebracht wird. Nach dem Erh\u00e4rten des Betons wird sie im Regelfall entfernt. Die Schalung ist die entsprechende Hohlform zum Betonbauteil.<\/p>\n<p>Die Herstellung stabiler Schalungen erfordert eine Vielzahl an Werkzeugen und Elementen. Sie helfen zum Beispiel, die beim Erh\u00e4rten des Betons entstehenden Kr\u00e4fte in die Unterkonstruktion abzuleiten und tragen zur Ma\u00dfhaltigkeit der gegossenen Bauteile bei. Je nach Anforderung, Art und Form des Bauwerks geh\u00f6ren verschiedene Schalh\u00e4ute, Unterst\u00fctzungs- und Aussteifungskonstruktionen, Verbindungsmittel und weiteres Zubeh\u00f6r dazu. Dabei hat Schalung als solches entsprechend DIN EN 12812 ausschlie\u00dflich formgebenden Charakter.[\/vc_column_text][\/vc_column][vc_column width=&#8221;1\/2&#8243;][vc_single_image image=&#8221;660&#8243; css=&#8221;&#8221;][\/vc_column][\/vc_row][vc_row][vc_column][vc_single_image image=&#8221;659&#8243; css=&#8221;&#8221;][\/vc_column][\/vc_row][vc_row content_placement=&#8221;middle&#8221; el_id=&#8221;betonieren&#8221;][vc_column width=&#8221;1\/2&#8243;][vc_column_text css=&#8221;&#8221;]<\/p>\n<h3>Rohbau<\/h3>\n<h2>Betonieren<\/h2>\n<p>Beton zeichnet sich als vielf\u00e4ltig einsetzbarer Baustoff aus, der aufgrund seiner besonderen Eigenschaften die optischen, statischen und bauphysikalischen Anforderungen ganzheitlich erf\u00fcllen kann. Aus diesem Grund k\u00f6nnen Bauwerke komplett aus diesem Material bestehen.<br \/>\nAufgrund seiner speziellen Eigenschaften findet Beton fast \u00fcberall Verwendung. Durch Betonieren lassen sich Fundamente errichten oder Bodenplatten gie\u00dfen, Fertigelemente f\u00fcr Zimmerdecken herstellen, Mauern aufbauen oder Streben verankern.[\/vc_column_text][\/vc_column][vc_column width=&#8221;1\/2&#8243;][vc_single_image image=&#8221;665&#8243; css=&#8221;&#8221;][\/vc_column][\/vc_row][vc_row][vc_column][vc_single_image image=&#8221;667&#8243; css=&#8221;&#8221;][\/vc_column][\/vc_row][vc_row content_placement=&#8221;bottom&#8221; el_id=&#8221;montage&#8221;][vc_column width=&#8221;1\/2&#8243;][vc_column_text css=&#8221;&#8221;]<\/p>\n<h3>Rohbau<\/h3>\n<h2>Montage<\/h2>\n<p>F\u00fcr die Montage der (Stahl-)Betonfertigteile und anderer Verbindungen und Elemente sind wir Ihr Ansprechpartner.<br \/>\nWir realisieren f\u00fcr unsere Kunden anspruchsvolle Projekte im Industrie-, Gewerbe- und Wohnungsbau. Auch Treppenh\u00e4user f\u00fcr Parkhausanlagen montieren wir termingerecht und in hoher Qualit\u00e4t. In einer vertrauensvollen Zusammenarbeit mit der Bauleitung erarbeiten wir einen Termin- und Abrufplan, der einen reibungslosen Ablauf gew\u00e4hrleistet.[\/vc_column_text][\/vc_column][vc_column width=&#8221;1\/2&#8243;][vc_single_image image=&#8221;674&#8243; css=&#8221;&#8221;][\/vc_column][\/vc_row][vc_row][vc_column][vc_single_image image=&#8221;675&#8243; css=&#8221;&#8221;][\/vc_column][\/vc_row]<\/p>\n<\/div>","protected":false},"excerpt":{"rendered":"<p>[vc_row][vc_column width=&#8221;1\/6&#8243;][\/vc_column][vc_column width=&#8221;2\/3&#8243;][vc_column_text css=&#8221;&#8221;] Hervorragende Qualit\u00e4t bei der Errichtung und dem Umbau von Geb\u00e4uden im Wohn-, Industrie- und Gewerbebau. Rohbau F\u00fcr die Revitalisierung von Bestandsgeb\u00e4uden sind wir Ihr idealer Partner: Spezialisiert auf Rohbau und Altlastensanierungen. Materialbewusstsein, eine effiziente Zeiteinteilung, Termintreue und Kosternsicherheit sind f\u00fcr unsere Arbeit ma\u00dfgeblich.[\/vc_column_text][\/vc_column][vc_column width=&#8221;1\/6&#8243;][\/vc_column][\/vc_row][vc_row][vc_column][vc_single_image image=&#8221;669&#8243; css=&#8221;&#8221;][\/vc_column][\/vc_row][vc_row content_placement=&#8221;middle&#8221; el_id=&#8221;bewehrung&#8221;][vc_column width=&#8221;1\/2&#8243;][vc_column_text css=&#8221;&#8221;] Rohbau Bewehrung Stahl ist das \u00e4lteste und am meisten verwendete Bewehrungsmaterial f\u00fcr Beton. Erfinder der Stahlbewehrung war der Franzose Joseph Monier, weshalb die Bewehrung auch manchmal als \u201eMoniereisen\u201c bezeichnet wird. Als schlaffe oder vorgespannte Bewehrung eingesetzt geht es um die Aufnahme von Lasten und um die Vermeidung von Rissbildungen an der Betonoberfl\u00e4che. Beton und Stahl haben ein nahezu identisches thermisches Ausdehnungsverhalten. Wird der Stahl mechanisch vorgespannt und unter dieser Spannung eingebaut, spricht man von Spannbeton.[\/vc_column_text][\/vc_column][vc_column width=&#8221;1\/2&#8243;][vc_single_image image=&#8221;655&#8243; css=&#8221;&#8221;][\/vc_column][\/vc_row][vc_row][vc_column][vc_single_image image=&#8221;973&#8243; css=&#8221;&#8221;][\/vc_column][\/vc_row][vc_row content_placement=&#8221;bottom&#8221; el_id=&#8221;schalung&#8221;][vc_column width=&#8221;1\/2&#8243;][vc_column_text css=&#8221;&#8221;] Rohbau Schalung Die Schalung ist die Gussform, in die Frischbeton zur Herstellung von Betonbauteilen eingebracht wird. Nach dem Erh\u00e4rten des Betons wird sie im Regelfall entfernt. Die Schalung ist die entsprechende Hohlform zum Betonbauteil. Die Herstellung stabiler Schalungen erfordert eine Vielzahl an Werkzeugen und Elementen. Sie helfen zum Beispiel, die beim Erh\u00e4rten des Betons entstehenden Kr\u00e4fte in die Unterkonstruktion abzuleiten und tragen zur Ma\u00dfhaltigkeit der gegossenen Bauteile bei. Je nach Anforderung, Art und Form des Bauwerks geh\u00f6ren verschiedene Schalh\u00e4ute, Unterst\u00fctzungs- und Aussteifungskonstruktionen, Verbindungsmittel und weiteres Zubeh\u00f6r dazu. Dabei hat Schalung als solches entsprechend DIN EN 12812 ausschlie\u00dflich formgebenden Charakter.[\/vc_column_text][\/vc_column][vc_column width=&#8221;1\/2&#8243;][vc_single_image image=&#8221;660&#8243; css=&#8221;&#8221;][\/vc_column][\/vc_row][vc_row][vc_column][vc_single_image image=&#8221;659&#8243; css=&#8221;&#8221;][\/vc_column][\/vc_row][vc_row content_placement=&#8221;middle&#8221; el_id=&#8221;betonieren&#8221;][vc_column width=&#8221;1\/2&#8243;][vc_column_text css=&#8221;&#8221;] Rohbau Betonieren Beton zeichnet sich als vielf\u00e4ltig einsetzbarer Baustoff aus, der aufgrund seiner besonderen Eigenschaften die optischen, statischen und bauphysikalischen Anforderungen ganzheitlich erf\u00fcllen kann. Aus diesem Grund k\u00f6nnen Bauwerke komplett aus diesem Material bestehen. Aufgrund seiner speziellen Eigenschaften findet Beton fast \u00fcberall Verwendung. Durch Betonieren lassen sich Fundamente errichten oder Bodenplatten gie\u00dfen, Fertigelemente f\u00fcr Zimmerdecken herstellen, Mauern aufbauen oder Streben verankern.[\/vc_column_text][\/vc_column][vc_column width=&#8221;1\/2&#8243;][vc_single_image image=&#8221;665&#8243; css=&#8221;&#8221;][\/vc_column][\/vc_row][vc_row][vc_column][vc_single_image image=&#8221;667&#8243; css=&#8221;&#8221;][\/vc_column][\/vc_row][vc_row content_placement=&#8221;bottom&#8221; el_id=&#8221;montage&#8221;][vc_column width=&#8221;1\/2&#8243;][vc_column_text css=&#8221;&#8221;] Rohbau Montage F\u00fcr die Montage der (Stahl-)Betonfertigteile und anderer Verbindungen und Elemente sind wir Ihr Ansprechpartner. Wir realisieren f\u00fcr unsere Kunden anspruchsvolle Projekte im Industrie-, Gewerbe- und Wohnungsbau. Auch Treppenh\u00e4user f\u00fcr Parkhausanlagen montieren wir termingerecht und in hoher Qualit\u00e4t. In einer vertrauensvollen Zusammenarbeit mit der Bauleitung erarbeiten wir einen Termin- und Abrufplan, der einen reibungslosen Ablauf gew\u00e4hrleistet.[\/vc_column_text][\/vc_column][vc_column width=&#8221;1\/2&#8243;][vc_single_image image=&#8221;674&#8243; css=&#8221;&#8221;][\/vc_column][\/vc_row][vc_row][vc_column][vc_single_image image=&#8221;675&#8243; css=&#8221;&#8221;][\/vc_column][\/vc_row]<\/p>\n","protected":false},"author":1,"featured_media":676,"parent":335,"menu_order":3,"comment_status":"closed","ping_status":"closed","template":"","meta":{"_acf_changed":false,"inline_featured_image":false,"footnotes":""},"class_list":["post-349","page","type-page","status-publish","has-post-thumbnail","hentry"],"acf":[],"yoast_head":"<!-- This site is optimized with the Yoast SEO plugin v25.2 - https:\/\/yoast.com\/wordpress\/plugins\/seo\/ -->\n<title>Rohbau - SLEA TEC GmbH ARCHIV<\/title>\n<meta name=\"robots\" content=\"index, follow, max-snippet:-1, max-image-preview:large, max-video-preview:-1\" \/>\n<link rel=\"canonical\" href=\"https:\/\/www.slea-tec.de\/archive\/kompetenzen\/rohbau\/\" \/>\n<meta property=\"og:locale\" content=\"en_US\" \/>\n<meta property=\"og:type\" content=\"article\" \/>\n<meta property=\"og:title\" content=\"Rohbau - SLEA TEC GmbH ARCHIV\" \/>\n<meta property=\"og:description\" content=\"[vc_row][vc_column width=&#8221;1\/6&#8243;][\/vc_column][vc_column width=&#8221;2\/3&#8243;][vc_column_text css=&#8221;&#8221;] Hervorragende Qualit\u00e4t bei der Errichtung und dem Umbau von Geb\u00e4uden im Wohn-, Industrie- und Gewerbebau. Rohbau F\u00fcr die Revitalisierung von Bestandsgeb\u00e4uden sind wir Ihr idealer Partner: Spezialisiert auf Rohbau und Altlastensanierungen. Materialbewusstsein, eine effiziente Zeiteinteilung, Termintreue und Kosternsicherheit sind f\u00fcr unsere Arbeit ma\u00dfgeblich.[\/vc_column_text][\/vc_column][vc_column width=&#8221;1\/6&#8243;][\/vc_column][\/vc_row][vc_row][vc_column][vc_single_image image=&#8221;669&#8243; css=&#8221;&#8221;][\/vc_column][\/vc_row][vc_row content_placement=&#8221;middle&#8221; el_id=&#8221;bewehrung&#8221;][vc_column width=&#8221;1\/2&#8243;][vc_column_text css=&#8221;&#8221;] Rohbau Bewehrung Stahl ist das \u00e4lteste und am meisten verwendete Bewehrungsmaterial f\u00fcr Beton. Erfinder der Stahlbewehrung war der Franzose Joseph Monier, weshalb die Bewehrung auch manchmal als \u201eMoniereisen\u201c bezeichnet wird. Als schlaffe oder vorgespannte Bewehrung eingesetzt geht es um die Aufnahme von Lasten und um die Vermeidung von Rissbildungen an der Betonoberfl\u00e4che. Beton und Stahl haben ein nahezu identisches thermisches Ausdehnungsverhalten. Wird der Stahl mechanisch vorgespannt und unter dieser Spannung eingebaut, spricht man von Spannbeton.[\/vc_column_text][\/vc_column][vc_column width=&#8221;1\/2&#8243;][vc_single_image image=&#8221;655&#8243; css=&#8221;&#8221;][\/vc_column][\/vc_row][vc_row][vc_column][vc_single_image image=&#8221;973&#8243; css=&#8221;&#8221;][\/vc_column][\/vc_row][vc_row content_placement=&#8221;bottom&#8221; el_id=&#8221;schalung&#8221;][vc_column width=&#8221;1\/2&#8243;][vc_column_text css=&#8221;&#8221;] Rohbau Schalung Die Schalung ist die Gussform, in die Frischbeton zur Herstellung von Betonbauteilen eingebracht wird. Nach dem Erh\u00e4rten des Betons wird sie im Regelfall entfernt. Die Schalung ist die entsprechende Hohlform zum Betonbauteil. Die Herstellung stabiler Schalungen erfordert eine Vielzahl an Werkzeugen und Elementen. Sie helfen zum Beispiel, die beim Erh\u00e4rten des Betons entstehenden Kr\u00e4fte in die Unterkonstruktion abzuleiten und tragen zur Ma\u00dfhaltigkeit der gegossenen Bauteile bei. Je nach Anforderung, Art und Form des Bauwerks geh\u00f6ren verschiedene Schalh\u00e4ute, Unterst\u00fctzungs- und Aussteifungskonstruktionen, Verbindungsmittel und weiteres Zubeh\u00f6r dazu. Dabei hat Schalung als solches entsprechend DIN EN 12812 ausschlie\u00dflich formgebenden Charakter.[\/vc_column_text][\/vc_column][vc_column width=&#8221;1\/2&#8243;][vc_single_image image=&#8221;660&#8243; css=&#8221;&#8221;][\/vc_column][\/vc_row][vc_row][vc_column][vc_single_image image=&#8221;659&#8243; css=&#8221;&#8221;][\/vc_column][\/vc_row][vc_row content_placement=&#8221;middle&#8221; el_id=&#8221;betonieren&#8221;][vc_column width=&#8221;1\/2&#8243;][vc_column_text css=&#8221;&#8221;] Rohbau Betonieren Beton zeichnet sich als vielf\u00e4ltig einsetzbarer Baustoff aus, der aufgrund seiner besonderen Eigenschaften die optischen, statischen und bauphysikalischen Anforderungen ganzheitlich erf\u00fcllen kann. Aus diesem Grund k\u00f6nnen Bauwerke komplett aus diesem Material bestehen. Aufgrund seiner speziellen Eigenschaften findet Beton fast \u00fcberall Verwendung. Durch Betonieren lassen sich Fundamente errichten oder Bodenplatten gie\u00dfen, Fertigelemente f\u00fcr Zimmerdecken herstellen, Mauern aufbauen oder Streben verankern.[\/vc_column_text][\/vc_column][vc_column width=&#8221;1\/2&#8243;][vc_single_image image=&#8221;665&#8243; css=&#8221;&#8221;][\/vc_column][\/vc_row][vc_row][vc_column][vc_single_image image=&#8221;667&#8243; css=&#8221;&#8221;][\/vc_column][\/vc_row][vc_row content_placement=&#8221;bottom&#8221; el_id=&#8221;montage&#8221;][vc_column width=&#8221;1\/2&#8243;][vc_column_text css=&#8221;&#8221;] Rohbau Montage F\u00fcr die Montage der (Stahl-)Betonfertigteile und anderer Verbindungen und Elemente sind wir Ihr Ansprechpartner. Wir realisieren f\u00fcr unsere Kunden anspruchsvolle Projekte im Industrie-, Gewerbe- und Wohnungsbau. Auch Treppenh\u00e4user f\u00fcr Parkhausanlagen montieren wir termingerecht und in hoher Qualit\u00e4t. In einer vertrauensvollen Zusammenarbeit mit der Bauleitung erarbeiten wir einen Termin- und Abrufplan, der einen reibungslosen Ablauf gew\u00e4hrleistet.[\/vc_column_text][\/vc_column][vc_column width=&#8221;1\/2&#8243;][vc_single_image image=&#8221;674&#8243; css=&#8221;&#8221;][\/vc_column][\/vc_row][vc_row][vc_column][vc_single_image image=&#8221;675&#8243; css=&#8221;&#8221;][\/vc_column][\/vc_row]\" \/>\n<meta property=\"og:url\" content=\"https:\/\/www.slea-tec.de\/archive\/kompetenzen\/rohbau\/\" \/>\n<meta property=\"og:site_name\" content=\"SLEA TEC GmbH ARCHIV\" \/>\n<meta property=\"article:modified_time\" content=\"2024-12-03T10:50:58+00:00\" \/>\n<meta property=\"og:image\" content=\"https:\/\/www.slea-tec.de\/archive\/wp-content\/uploads\/2024\/11\/Rohbau-Montage-Starter-SLEA-TEC.jpg\" \/>\n\t<meta property=\"og:image:width\" content=\"1920\" \/>\n\t<meta property=\"og:image:height\" content=\"1080\" \/>\n\t<meta property=\"og:image:type\" content=\"image\/jpeg\" \/>\n<meta name=\"twitter:card\" content=\"summary_large_image\" \/>\n<meta name=\"twitter:label1\" content=\"Est. reading time\" \/>\n\t<meta name=\"twitter:data1\" content=\"5 minutes\" \/>\n<script type=\"application\/ld+json\" class=\"yoast-schema-graph\">{\"@context\":\"https:\/\/schema.org\",\"@graph\":[{\"@type\":\"WebPage\",\"@id\":\"https:\/\/www.slea-tec.de\/archive\/kompetenzen\/rohbau\/\",\"url\":\"https:\/\/www.slea-tec.de\/archive\/kompetenzen\/rohbau\/\",\"name\":\"Rohbau - SLEA TEC GmbH ARCHIV\",\"isPartOf\":{\"@id\":\"https:\/\/www.slea-tec.de\/archive\/#website\"},\"primaryImageOfPage\":{\"@id\":\"https:\/\/www.slea-tec.de\/archive\/kompetenzen\/rohbau\/#primaryimage\"},\"image\":{\"@id\":\"https:\/\/www.slea-tec.de\/archive\/kompetenzen\/rohbau\/#primaryimage\"},\"thumbnailUrl\":\"https:\/\/www.slea-tec.de\/archive\/wp-content\/uploads\/2024\/11\/Rohbau-Montage-Starter-SLEA-TEC.jpg\",\"datePublished\":\"2024-10-21T22:14:13+00:00\",\"dateModified\":\"2024-12-03T10:50:58+00:00\",\"breadcrumb\":{\"@id\":\"https:\/\/www.slea-tec.de\/archive\/kompetenzen\/rohbau\/#breadcrumb\"},\"inLanguage\":\"en-US\",\"potentialAction\":[{\"@type\":\"ReadAction\",\"target\":[\"https:\/\/www.slea-tec.de\/archive\/kompetenzen\/rohbau\/\"]}]},{\"@type\":\"ImageObject\",\"inLanguage\":\"en-US\",\"@id\":\"https:\/\/www.slea-tec.de\/archive\/kompetenzen\/rohbau\/#primaryimage\",\"url\":\"https:\/\/www.slea-tec.de\/archive\/wp-content\/uploads\/2024\/11\/Rohbau-Montage-Starter-SLEA-TEC.jpg\",\"contentUrl\":\"https:\/\/www.slea-tec.de\/archive\/wp-content\/uploads\/2024\/11\/Rohbau-Montage-Starter-SLEA-TEC.jpg\",\"width\":1920,\"height\":1080},{\"@type\":\"BreadcrumbList\",\"@id\":\"https:\/\/www.slea-tec.de\/archive\/kompetenzen\/rohbau\/#breadcrumb\",\"itemListElement\":[{\"@type\":\"ListItem\",\"position\":1,\"name\":\"Home\",\"item\":\"https:\/\/www.slea-tec.de\/archive\/\"},{\"@type\":\"ListItem\",\"position\":2,\"name\":\"Kompetenzen\",\"item\":\"https:\/\/www.slea-tec.de\/archive\/kompetenzen\/\"},{\"@type\":\"ListItem\",\"position\":3,\"name\":\"Rohbau\"}]},{\"@type\":\"WebSite\",\"@id\":\"https:\/\/www.slea-tec.de\/archive\/#website\",\"url\":\"https:\/\/www.slea-tec.de\/archive\/\",\"name\":\"SLEA TEC GmbH ARCHIV\",\"description\":\"\",\"potentialAction\":[{\"@type\":\"SearchAction\",\"target\":{\"@type\":\"EntryPoint\",\"urlTemplate\":\"https:\/\/www.slea-tec.de\/archive\/?s={search_term_string}\"},\"query-input\":{\"@type\":\"PropertyValueSpecification\",\"valueRequired\":true,\"valueName\":\"search_term_string\"}}],\"inLanguage\":\"en-US\"}]}<\/script>\n<!-- \/ Yoast SEO plugin. -->","yoast_head_json":{"title":"Rohbau - SLEA TEC GmbH ARCHIV","robots":{"index":"index","follow":"follow","max-snippet":"max-snippet:-1","max-image-preview":"max-image-preview:large","max-video-preview":"max-video-preview:-1"},"canonical":"https:\/\/www.slea-tec.de\/archive\/kompetenzen\/rohbau\/","og_locale":"en_US","og_type":"article","og_title":"Rohbau - SLEA TEC GmbH ARCHIV","og_description":"[vc_row][vc_column width=&#8221;1\/6&#8243;][\/vc_column][vc_column width=&#8221;2\/3&#8243;][vc_column_text css=&#8221;&#8221;] Hervorragende Qualit\u00e4t bei der Errichtung und dem Umbau von Geb\u00e4uden im Wohn-, Industrie- und Gewerbebau. Rohbau F\u00fcr die Revitalisierung von Bestandsgeb\u00e4uden sind wir Ihr idealer Partner: Spezialisiert auf Rohbau und Altlastensanierungen. Materialbewusstsein, eine effiziente Zeiteinteilung, Termintreue und Kosternsicherheit sind f\u00fcr unsere Arbeit ma\u00dfgeblich.[\/vc_column_text][\/vc_column][vc_column width=&#8221;1\/6&#8243;][\/vc_column][\/vc_row][vc_row][vc_column][vc_single_image image=&#8221;669&#8243; css=&#8221;&#8221;][\/vc_column][\/vc_row][vc_row content_placement=&#8221;middle&#8221; el_id=&#8221;bewehrung&#8221;][vc_column width=&#8221;1\/2&#8243;][vc_column_text css=&#8221;&#8221;] Rohbau Bewehrung Stahl ist das \u00e4lteste und am meisten verwendete Bewehrungsmaterial f\u00fcr Beton. Erfinder der Stahlbewehrung war der Franzose Joseph Monier, weshalb die Bewehrung auch manchmal als \u201eMoniereisen\u201c bezeichnet wird. Als schlaffe oder vorgespannte Bewehrung eingesetzt geht es um die Aufnahme von Lasten und um die Vermeidung von Rissbildungen an der Betonoberfl\u00e4che. Beton und Stahl haben ein nahezu identisches thermisches Ausdehnungsverhalten. Wird der Stahl mechanisch vorgespannt und unter dieser Spannung eingebaut, spricht man von Spannbeton.[\/vc_column_text][\/vc_column][vc_column width=&#8221;1\/2&#8243;][vc_single_image image=&#8221;655&#8243; css=&#8221;&#8221;][\/vc_column][\/vc_row][vc_row][vc_column][vc_single_image image=&#8221;973&#8243; css=&#8221;&#8221;][\/vc_column][\/vc_row][vc_row content_placement=&#8221;bottom&#8221; el_id=&#8221;schalung&#8221;][vc_column width=&#8221;1\/2&#8243;][vc_column_text css=&#8221;&#8221;] Rohbau Schalung Die Schalung ist die Gussform, in die Frischbeton zur Herstellung von Betonbauteilen eingebracht wird. Nach dem Erh\u00e4rten des Betons wird sie im Regelfall entfernt. Die Schalung ist die entsprechende Hohlform zum Betonbauteil. Die Herstellung stabiler Schalungen erfordert eine Vielzahl an Werkzeugen und Elementen. Sie helfen zum Beispiel, die beim Erh\u00e4rten des Betons entstehenden Kr\u00e4fte in die Unterkonstruktion abzuleiten und tragen zur Ma\u00dfhaltigkeit der gegossenen Bauteile bei. Je nach Anforderung, Art und Form des Bauwerks geh\u00f6ren verschiedene Schalh\u00e4ute, Unterst\u00fctzungs- und Aussteifungskonstruktionen, Verbindungsmittel und weiteres Zubeh\u00f6r dazu. Dabei hat Schalung als solches entsprechend DIN EN 12812 ausschlie\u00dflich formgebenden Charakter.[\/vc_column_text][\/vc_column][vc_column width=&#8221;1\/2&#8243;][vc_single_image image=&#8221;660&#8243; css=&#8221;&#8221;][\/vc_column][\/vc_row][vc_row][vc_column][vc_single_image image=&#8221;659&#8243; css=&#8221;&#8221;][\/vc_column][\/vc_row][vc_row content_placement=&#8221;middle&#8221; el_id=&#8221;betonieren&#8221;][vc_column width=&#8221;1\/2&#8243;][vc_column_text css=&#8221;&#8221;] Rohbau Betonieren Beton zeichnet sich als vielf\u00e4ltig einsetzbarer Baustoff aus, der aufgrund seiner besonderen Eigenschaften die optischen, statischen und bauphysikalischen Anforderungen ganzheitlich erf\u00fcllen kann. Aus diesem Grund k\u00f6nnen Bauwerke komplett aus diesem Material bestehen. Aufgrund seiner speziellen Eigenschaften findet Beton fast \u00fcberall Verwendung. Durch Betonieren lassen sich Fundamente errichten oder Bodenplatten gie\u00dfen, Fertigelemente f\u00fcr Zimmerdecken herstellen, Mauern aufbauen oder Streben verankern.[\/vc_column_text][\/vc_column][vc_column width=&#8221;1\/2&#8243;][vc_single_image image=&#8221;665&#8243; css=&#8221;&#8221;][\/vc_column][\/vc_row][vc_row][vc_column][vc_single_image image=&#8221;667&#8243; css=&#8221;&#8221;][\/vc_column][\/vc_row][vc_row content_placement=&#8221;bottom&#8221; el_id=&#8221;montage&#8221;][vc_column width=&#8221;1\/2&#8243;][vc_column_text css=&#8221;&#8221;] Rohbau Montage F\u00fcr die Montage der (Stahl-)Betonfertigteile und anderer Verbindungen und Elemente sind wir Ihr Ansprechpartner. Wir realisieren f\u00fcr unsere Kunden anspruchsvolle Projekte im Industrie-, Gewerbe- und Wohnungsbau. Auch Treppenh\u00e4user f\u00fcr Parkhausanlagen montieren wir termingerecht und in hoher Qualit\u00e4t. In einer vertrauensvollen Zusammenarbeit mit der Bauleitung erarbeiten wir einen Termin- und Abrufplan, der einen reibungslosen Ablauf gew\u00e4hrleistet.[\/vc_column_text][\/vc_column][vc_column width=&#8221;1\/2&#8243;][vc_single_image image=&#8221;674&#8243; css=&#8221;&#8221;][\/vc_column][\/vc_row][vc_row][vc_column][vc_single_image image=&#8221;675&#8243; css=&#8221;&#8221;][\/vc_column][\/vc_row]","og_url":"https:\/\/www.slea-tec.de\/archive\/kompetenzen\/rohbau\/","og_site_name":"SLEA TEC GmbH ARCHIV","article_modified_time":"2024-12-03T10:50:58+00:00","og_image":[{"width":1920,"height":1080,"url":"https:\/\/www.slea-tec.de\/archive\/wp-content\/uploads\/2024\/11\/Rohbau-Montage-Starter-SLEA-TEC.jpg","type":"image\/jpeg"}],"twitter_card":"summary_large_image","twitter_misc":{"Est. reading time":"5 minutes"},"schema":{"@context":"https:\/\/schema.org","@graph":[{"@type":"WebPage","@id":"https:\/\/www.slea-tec.de\/archive\/kompetenzen\/rohbau\/","url":"https:\/\/www.slea-tec.de\/archive\/kompetenzen\/rohbau\/","name":"Rohbau - SLEA TEC GmbH ARCHIV","isPartOf":{"@id":"https:\/\/www.slea-tec.de\/archive\/#website"},"primaryImageOfPage":{"@id":"https:\/\/www.slea-tec.de\/archive\/kompetenzen\/rohbau\/#primaryimage"},"image":{"@id":"https:\/\/www.slea-tec.de\/archive\/kompetenzen\/rohbau\/#primaryimage"},"thumbnailUrl":"https:\/\/www.slea-tec.de\/archive\/wp-content\/uploads\/2024\/11\/Rohbau-Montage-Starter-SLEA-TEC.jpg","datePublished":"2024-10-21T22:14:13+00:00","dateModified":"2024-12-03T10:50:58+00:00","breadcrumb":{"@id":"https:\/\/www.slea-tec.de\/archive\/kompetenzen\/rohbau\/#breadcrumb"},"inLanguage":"en-US","potentialAction":[{"@type":"ReadAction","target":["https:\/\/www.slea-tec.de\/archive\/kompetenzen\/rohbau\/"]}]},{"@type":"ImageObject","inLanguage":"en-US","@id":"https:\/\/www.slea-tec.de\/archive\/kompetenzen\/rohbau\/#primaryimage","url":"https:\/\/www.slea-tec.de\/archive\/wp-content\/uploads\/2024\/11\/Rohbau-Montage-Starter-SLEA-TEC.jpg","contentUrl":"https:\/\/www.slea-tec.de\/archive\/wp-content\/uploads\/2024\/11\/Rohbau-Montage-Starter-SLEA-TEC.jpg","width":1920,"height":1080},{"@type":"BreadcrumbList","@id":"https:\/\/www.slea-tec.de\/archive\/kompetenzen\/rohbau\/#breadcrumb","itemListElement":[{"@type":"ListItem","position":1,"name":"Home","item":"https:\/\/www.slea-tec.de\/archive\/"},{"@type":"ListItem","position":2,"name":"Kompetenzen","item":"https:\/\/www.slea-tec.de\/archive\/kompetenzen\/"},{"@type":"ListItem","position":3,"name":"Rohbau"}]},{"@type":"WebSite","@id":"https:\/\/www.slea-tec.de\/archive\/#website","url":"https:\/\/www.slea-tec.de\/archive\/","name":"SLEA TEC GmbH ARCHIV","description":"","potentialAction":[{"@type":"SearchAction","target":{"@type":"EntryPoint","urlTemplate":"https:\/\/www.slea-tec.de\/archive\/?s={search_term_string}"},"query-input":{"@type":"PropertyValueSpecification","valueRequired":true,"valueName":"search_term_string"}}],"inLanguage":"en-US"}]}},"_links":{"self":[{"href":"https:\/\/www.slea-tec.de\/archive\/wp-json\/wp\/v2\/pages\/349","targetHints":{"allow":["GET"]}}],"collection":[{"href":"https:\/\/www.slea-tec.de\/archive\/wp-json\/wp\/v2\/pages"}],"about":[{"href":"https:\/\/www.slea-tec.de\/archive\/wp-json\/wp\/v2\/types\/page"}],"author":[{"embeddable":true,"href":"https:\/\/www.slea-tec.de\/archive\/wp-json\/wp\/v2\/users\/1"}],"replies":[{"embeddable":true,"href":"https:\/\/www.slea-tec.de\/archive\/wp-json\/wp\/v2\/comments?post=349"}],"version-history":[{"count":20,"href":"https:\/\/www.slea-tec.de\/archive\/wp-json\/wp\/v2\/pages\/349\/revisions"}],"predecessor-version":[{"id":974,"href":"https:\/\/www.slea-tec.de\/archive\/wp-json\/wp\/v2\/pages\/349\/revisions\/974"}],"up":[{"embeddable":true,"href":"https:\/\/www.slea-tec.de\/archive\/wp-json\/wp\/v2\/pages\/335"}],"wp:featuredmedia":[{"embeddable":true,"href":"https:\/\/www.slea-tec.de\/archive\/wp-json\/wp\/v2\/media\/676"}],"wp:attachment":[{"href":"https:\/\/www.slea-tec.de\/archive\/wp-json\/wp\/v2\/media?parent=349"}],"curies":[{"name":"wp","href":"https:\/\/api.w.org\/{rel}","templated":true}]}}